{"id":6306,"date":"2016-02-11T16:06:44","date_gmt":"2016-02-11T16:06:44","guid":{"rendered":"http:\/\/integrateminds.com\/sv\/?page_id=6306"},"modified":"2021-10-31T09:45:16","modified_gmt":"2021-10-31T09:45:16","slug":"seminars-workshops","status":"publish","type":"page","link":"http:\/\/integrateminds.com\/sv\/seminars-workshops\/","title":{"rendered":"Seminars &#038; Workshops"},"content":{"rendered":"<\/div><\/div><\/div><!-- close content main div --><\/div><\/div><div id='full_slider_1' class='avia-fullwidth-slider main_color avia-shadow  container_wrap fullsize'   ><div  data-size='no scaling'  data-lightbox_size='large'  data-animation='slide'  data-ids='109'  data-video_counter='0'  data-autoplay='false'  data-bg_slider='false'  data-slide_height=''  data-handle='av_slideshow_full'  data-interval='5'  data-class=' '  data-css_id=''  data-scroll_down=''  data-control_layout='av-control-default'  data-custom_markup=''  data-perma_caption=''  data-autoplay_stopper=''  data-src=''  data-position='top left'  data-repeat='no-repeat'  data-attach='scroll'  data-stretch=''  class='avia-slideshow avia-slideshow-1  av-control-default avia-slideshow-no scaling av_slideshow_full   avia-slide-slider '  itemscope=\"itemscope\" itemtype=\"https:\/\/schema.org\/ImageObject\" ><ul class='avia-slideshow-inner' ><li  class=' av-single-slide slide-1 ' ><div data-rel='slideshow-1' class='avia-slide-wrap'  ><div class = \"caption_fullwidth av-slideshow-caption caption_center\"><div class = \"container caption_container\"><div class = \"slideshow_caption\"><div class = \"slideshow_inner_caption\"><div class = \"slideshow_align_caption\"><h2  class='avia-caption-title'  itemprop=\"name\" >SEMINARIER &amp; WORKSHOPS<\/h2><\/div><\/div><\/div><\/div><\/div><img src='http:\/\/integrateminds.com\/wp-content\/uploads\/2016\/01\/Seminars-Banner.jpg' width='3000' height='195' title='Seminars-Banner' alt=''  itemprop=\"contentURL\"  \/><\/div><\/li><\/ul><\/div><\/div>\n<div class=\"flex_column av_one_full  flex_column_div av-zero-column-padding first  \" style='border-radius:0px; '><p><section class=\"av_textblock_section\"  itemscope=\"itemscope\" itemtype=\"https:\/\/schema.org\/CreativeWork\" ><div class='avia_textblock '   itemprop=\"text\" ><p>Integrate Minds erbjuder utvecklingsprocesser f\u00f6r f\u00f6retag och ledare som st\u00f6djer strategiska m\u00e5l och fr\u00e4mjar aff\u00e4rsutveckling och personlig utveckling. Vi hj\u00e4lper organisationer att identifiera nya m\u00f6jligheter, skapa ny kunskap och ta vara p\u00e5 medarbetares insikter och kraft att uppn\u00e5 sin h\u00f6gsta potential.<\/p>\n<p>Nedan \u00e4r ett urval processer som anpassas efter klientens m\u00e5l och behov.<\/p>\n<h2>Aff\u00e4rsutveckling: \u00a0The Client Relationship Cycle<\/h2>\n<p>The Client Relationship Cycle \u00e4r en katalyserande workshop som skapar handling kring strategi och resulterar i en konkret plan f\u00f6r alla faser av klientrelationer. Det \u00e4r ett tillf\u00e4lle f\u00f6r medarbetare att tillsammans identifiera nya m\u00f6jligheter och marknadsf\u00f6ringskanaler, strategier f\u00f6r att driva klientdialoger till uppdrag, f\u00f6rdjupa relationen under uppdrag, och g\u00f6ra klienter till ambassad\u00f6rer. Det \u00e4r ocks\u00e5 ett bra s\u00e4tt att tillsammans etablera ramar f\u00f6r och allokera initiativ och ansvarstagande. The Client Relationship Cycle \u00e4mnar ocks\u00e5 fostra cross-selling, engagera bitr\u00e4dande jurister i aff\u00e4rsutveckling, och skapa ett konsekvent intryck hos klienter.<\/p>\n<p>V\u00e5rt ramverk &#8221;The Client Relationship Cycle&#8221; \u00e4r utvecklat speciellt f\u00f6r kunskapsf\u00f6retag, och anv\u00e4nds b\u00e5de som en konceptuell bas f\u00f6r diskussioner kring utmaningar och m\u00f6jligheter till aff\u00e4rsutveckling, samt f\u00f6r f\u00f6rdjupad strategiformulering och \u00e5tg\u00e4rdsplanering.<\/p>\n<\/div><\/section><br \/>\n<div style='height:50px' class='hr hr-invisible '><span class='hr-inner ' ><span class='hr-inner-style'><\/span><\/span><\/div><br \/>\n<div class='avia-image-container  av-styling-   avia-align-center '  itemscope=\"itemscope\" itemtype=\"https:\/\/schema.org\/ImageObject\"  ><div class='avia-image-container-inner'><img class='avia_image ' src='http:\/\/integrateminds.com\/wp-content\/uploads\/2016\/01\/Client-Relationship-Cycle.jpg' alt='' title='Client-Relationship-Cycle'   itemprop=\"contentURL\"  \/><\/div><\/div><br \/>\n<div style='height:50px' class='hr hr-invisible '><span class='hr-inner ' ><span class='hr-inner-style'><\/span><\/span><\/div><br \/>\n<section class=\"av_textblock_section\"  itemscope=\"itemscope\" itemtype=\"https:\/\/schema.org\/CreativeWork\" ><div class='avia_textblock '   itemprop=\"text\" ><h2>Ledarskapsutveckling: Integrated Leader<\/h2>\n<p>Aldrig f\u00f6rr har det kr\u00e4vts av oss att utveckla v\u00e5rt inre medvetande och v\u00e5rt yttre medvetande samtidigt, i allt snabbare takt. En ledare idag m\u00e5st ha sj\u00e4lvinsikt och distans till sina egna behov, viljor och f\u00f6rest\u00e4llningar om v\u00e4rlden. En ledare m\u00e5ste kunna medla mellan v\u00e4rldsbilder och perspektiv, och ha f\u00f6rm\u00e5ga att inspirera, guida, och motivera m\u00e5ngfaldsgrupper. Ju djupare anknytning du har till ditt inre, desto bredare inflytande kan du ha i din omv\u00e4rld.<\/p>\n<p><em>Integrated Leader<\/em>\u00a0\u00e4r skapat f\u00f6r deltagares uppt\u00e4ckt av sin h\u00f6gsta potential, som individer och som ledare. Det \u00e4r en resa genom de f\u00f6rest\u00e4llningar som format ens relation till sin omgivning, en kraftfull upplevelse som till\u00e5ter deltagare att v\u00e4lja f\u00f6rh\u00e5llningss\u00e4tt till sin verklighet och vardag, hitta sin drivkraft och unika spektrum av kvalit\u00e9er, och f\u00f6rankrad i egna grundv\u00e4rderingar kliva in i framtiden med sin fulla kraft och en alldeles egen guidande vision av ett full\u00e4ndat liv.<\/p>\n<h2>Ledarskapsutveckling och Teambuilding: Bygg och Hantera Professionella Relationer<\/h2>\n<p><em>Bygg och hantera professionella relationer<\/em>\u00a0ger deltagare insikt i de tankem\u00f6nster och preferenser som utg\u00f6r en personlighet, hur man l\u00e4ser av olika personligheter, etablerar f\u00f6rst\u00e5else, anpassar sin kommunikation, och p\u00e5 s\u00e5 s\u00e4tt framg\u00e5ngsrikt bygger f\u00f6rtroende hos andra.<\/p>\n<h2>Ledarskapsutveckling och Teambuilding: F\u00f6rdjupa Professionella Relationer<\/h2>\n<p><em>F\u00f6rdjupa professionella relationer<\/em>\u00a0erbjuder deltagare en introduktion till det medveta och det undermedvetna, och hur samspelet mellan dessa styr v\u00e5r upplevelse av verkligheten. Det ger insikt i de filter som avg\u00f6r vad vi ser och inte ser av v\u00e5r verklighet, och hur vi kan l\u00e4sa av andra m\u00e4nniskors perception och preferenser. Detta seminarium ger verktyg i att bygga personligt f\u00f6rtroende p\u00e5 djupet och kunna kommunicera kraftfullt, speciellt f\u00f6r att skapa ett \u00f6vertygande argument f\u00f6r en utvald m\u00e5lgrupp.<\/p>\n<h2>Stresshantering: Hantera Stress och Skapa ett Balanserat Liv<\/h2>\n<p><em>Hantera stress och skapa ett balanserat liv<\/em>\u00a0hj\u00e4lper deltagare att uppt\u00e4cka sitt eget inflytande i den verklighet de upplever, och med det kunna bryta destruktiva m\u00f6nster och skapa ett konstruktivt och balanserat sammanhang i det professionella livet s\u00e5v\u00e4l som i privatlivet. Det handlar inte n\u00f6dv\u00e4ndigtvis om att jobba mindre, men att jobba smartare och mera medvetet. Med ny kunskap, insikter, och verktyg f\u00e5r deltagare en \u00f6kad f\u00f6rm\u00e5ga att hantera stress, ett st\u00e4rkt medvetande om de faktorer som p\u00e5verkar deras v\u00e4lbefinnande, och kunskap i att bem\u00f6ta dem p\u00e5 mentalt, emotionellt och fysiskt plan.<\/p>\n<h2>Personlighetsprofil: Insights Discovery<\/h2>\n<p><em>Insights Discovery<\/em> \u00e4r ett kraftfullt verktyg som hj\u00e4lper varje deltagare att b\u00e4ttre f\u00f6rst\u00e5 sig sj\u00e4lv och sin egen ledarstil, ta vara p\u00e5 sina styrkor, och arbeta med medarbetare p\u00e5 ett mer effektivt och meningsfullt s\u00e4tt. F\u00f6r att f\u00e5 en profil fyller man i ett internet-baserat fr\u00e5geformul\u00e4r som erh\u00e5lles via email. Profilen \u00e4r skr\u00e4ddarsydd f\u00f6r varje individ och konfidentiellt redovisad.<\/p>\n<h2><\/h2>\n<h2><\/h2>\n<\/div><\/section><\/p><\/div>\n","protected":false},"excerpt":{"rendered":"","protected":false},"author":1,"featured_media":0,"parent":0,"menu_order":0,"comment_status":"closed","ping_status":"closed","template":"","meta":[],"_links":{"self":[{"href":"http:\/\/integrateminds.com\/sv\/wp-json\/wp\/v2\/pages\/6306"}],"collection":[{"href":"http:\/\/integrateminds.com\/sv\/wp-json\/wp\/v2\/pages"}],"about":[{"href":"http:\/\/integrateminds.com\/sv\/wp-json\/wp\/v2\/types\/page"}],"author":[{"embeddable":true,"href":"http:\/\/integrateminds.com\/sv\/wp-json\/wp\/v2\/users\/1"}],"replies":[{"embeddable":true,"href":"http:\/\/integrateminds.com\/sv\/wp-json\/wp\/v2\/comments?post=6306"}],"version-history":[{"count":10,"href":"http:\/\/integrateminds.com\/sv\/wp-json\/wp\/v2\/pages\/6306\/revisions"}],"predecessor-version":[{"id":6822,"href":"http:\/\/integrateminds.com\/sv\/wp-json\/wp\/v2\/pages\/6306\/revisions\/6822"}],"wp:attachment":[{"href":"http:\/\/integrateminds.com\/sv\/wp-json\/wp\/v2\/media?parent=6306"}],"curies":[{"name":"wp","href":"https:\/\/api.w.org\/{rel}","templated":true}]}}